{"id":6101,"date":"2021-10-05T13:05:24","date_gmt":"2021-10-05T13:05:24","guid":{"rendered":"https:\/\/themepanthers.com\/wp\/creote\/v-new\/?page_id=15"},"modified":"2023-08-27T00:10:32","modified_gmt":"2023-08-27T00:10:32","slug":"service-default","status":"publish","type":"page","link":"http:\/\/www.haciendaangel.com\/es\/service-default\/","title":{"rendered":"GLOBAL-GAP"},"content":{"rendered":"<div data-elementor-type=\"wp-page\" data-elementor-id=\"6101\" class=\"elementor elementor-6101\">\n\t\t\t\t\t\t\t\t\t<section class=\"elementor-section elementor-top-section elementor-element elementor-element-1490b77 elementor-section-boxed elementor-section-height-default elementor-section-height-default\" data-id=\"1490b77\" data-element_type=\"section\">\n\t\t\t\t\t\t<div class=\"elementor-container elementor-column-gap-default\">\n\t\t\t\t\t<div class=\"elementor-column elementor-col-100 elementor-top-column elementor-element elementor-element-5ea7d22\" data-id=\"5ea7d22\" data-element_type=\"column\">\n\t\t\t<div class=\"elementor-widget-wrap elementor-element-populated\">\n\t\t\t\t\t\t\t\t<div class=\"elementor-element elementor-element-610ff25 elementor-widget elementor-widget-creote-title-v1\" data-id=\"610ff25\" data-element_type=\"widget\" data-widget_type=\"creote-title-v1.default\">\n\t\t\t\t<div class=\"elementor-widget-container\">\n\t\t\t<div class=\"title_all_box style_one  dark_color\" >\r\n         <div class=\"title_sections center\">\r\n            <div class=\"before_title\">\r\n         Working by       <\/div>\r\n                  <h2>  GLOBAL GAP  standards<\/h2>\r\n                  <p>  .<\/p>\r\n         <\/div>\r\n               \r\n<\/div>\r\n\t\t<\/div>\n\t\t\t\t<\/div>\n\t\t\t\t\t<\/div>\n\t\t<\/div>\n\t\t\t\t\t\t\t<\/div>\n\t\t<\/section>\n\t\t\t\t<section class=\"elementor-section elementor-top-section elementor-element elementor-element-1d7505c elementor-section-boxed elementor-section-height-default elementor-section-height-default\" data-id=\"1d7505c\" data-element_type=\"section\">\n\t\t\t\t\t\t<div class=\"elementor-container elementor-column-gap-default\">\n\t\t\t\t\t<div class=\"elementor-column elementor-col-100 elementor-top-column elementor-element elementor-element-3fd06f7\" data-id=\"3fd06f7\" data-element_type=\"column\">\n\t\t\t<div class=\"elementor-widget-wrap elementor-element-populated\">\n\t\t\t\t\t\t\t\t<div class=\"elementor-element elementor-element-2ce0a82 elementor-widget elementor-widget-creote-simple-image-box-v1\" data-id=\"2ce0a82\" data-element_type=\"widget\" data-widget_type=\"creote-simple-image-box-v1.default\">\n\t\t\t\t<div class=\"elementor-widget-container\">\n\t\t\t<div class=\"simple_image_boxes\"   data-aos=\"fade-up\" data-aos-delay=\"0\" >\r\n   <img src=\"http:\/\/www.haciendaangel.com\/wp-content\/uploads\/2022\/06\/Certificaciones-de-calidad-e-inocuidad-GLOBAL-GAP.jpg\" class=\"simp_img\" alt=\"image\" \/>\r\n<\/div>\r\n\t\t<\/div>\n\t\t\t\t<\/div>\n\t\t\t\t\t<\/div>\n\t\t<\/div>\n\t\t\t\t\t\t\t<\/div>\n\t\t<\/section>\n\t\t\t\t<section class=\"elementor-section elementor-top-section elementor-element elementor-element-d0c8029 elementor-section-boxed elementor-section-height-default elementor-section-height-default\" data-id=\"d0c8029\" data-element_type=\"section\" data-no-translation=\"\">\n\t\t\t\t\t\t<div class=\"elementor-container elementor-column-gap-default\">\n\t\t\t\t\t<div class=\"elementor-column elementor-col-100 elementor-top-column elementor-element elementor-element-44e0a38\" data-id=\"44e0a38\" data-element_type=\"column\">\n\t\t\t<div class=\"elementor-widget-wrap elementor-element-populated\">\n\t\t\t\t\t\t\t\t<div class=\"elementor-element elementor-element-3208b6c elementor-widget elementor-widget-creote-single-banner-v1\" data-id=\"3208b6c\" data-element_type=\"widget\" data-widget_type=\"creote-single-banner-v1.default\">\n\t\t\t\t<div class=\"elementor-widget-container\">\n\t\t\t    <section class=\"single_banner style_one\">\r\n        <div class=\"container\">\r\n        <div class=\"row d-flex align-items-center\">\r\n                  <div class=\"col-md-8 col-lg-8 col-sm-12 col-xs-12\">\r\n                     <div class=\"slider_content\">\r\n                                              <h6  class=\"animated\">\r\n                           global gap                         <\/h6>\r\n                                                                        <h1  class=\"animated\">\r\n                           Inspirados por <br> la eficiencia                         <\/h1>\r\n                                                \r\n                                                <p class=\"description animated\">\r\n                           GlobalGAP (Good Agricultural Practices) es un conjunto de normas de certificaci\u00f3n agr\u00edcola reconocidas internacionalmente que tienen como objetivo promover la seguridad alimentaria, la sostenibilidad y la calidad en la producci\u00f3n agr\u00edcola.                        <\/p>\r\n                                                                    <\/div>\r\n                  <\/div>\r\n                  <div class=\"col-md-4 col-lg-4 col-sm-12 col-xs-12 image_column\">\r\n                                          <div class=\"slider_image\">\r\n                        <img src=\"http:\/\/www.haciendaangel.com\/wp-content\/uploads\/2023\/01\/unknown_324016597_1223560075265099_1325385640811495839_n.jpg\" class=\"img-fluid\" alt=\"slider image\" \/>\r\n                     <\/div>\r\n                      \r\n                  <\/div>\r\n               <\/div>\r\n              \r\n       <\/div>\r\n     \r\n    <\/section>\r\n \r\n\t\t<\/div>\n\t\t\t\t<\/div>\n\t\t\t\t\t<\/div>\n\t\t<\/div>\n\t\t\t\t\t\t\t<\/div>\n\t\t<\/section>\n\t\t\t\t<section class=\"elementor-section elementor-top-section elementor-element elementor-element-e37b563 elementor-section-boxed elementor-section-height-default elementor-section-height-default\" data-id=\"e37b563\" data-element_type=\"section\" data-no-translation=\"\">\n\t\t\t\t\t\t<div class=\"elementor-container elementor-column-gap-default\">\n\t\t\t\t\t<div class=\"elementor-column elementor-col-100 elementor-top-column elementor-element elementor-element-52ad937\" data-id=\"52ad937\" data-element_type=\"column\">\n\t\t\t<div class=\"elementor-widget-wrap elementor-element-populated\">\n\t\t\t\t\t\t\t\t<div class=\"elementor-element elementor-element-9297d64 elementor-widget elementor-widget-creote-single-banner-v1\" data-id=\"9297d64\" data-element_type=\"widget\" data-widget_type=\"creote-single-banner-v1.default\">\n\t\t\t\t<div class=\"elementor-widget-container\">\n\t\t\t    <section class=\"single_banner style_one\">\r\n        <div class=\"container\">\r\n        <div class=\"row d-flex align-items-center\">\r\n                  <div class=\"col-md-8 col-lg-8 col-sm-12 col-xs-12\">\r\n                     <div class=\"slider_content\">\r\n                                                                      <h1  class=\"animated\">\r\n                           Cumplimiento de est\u00e1ndares internacionales                        <\/h1>\r\n                                                \r\n                                                <p class=\"description animated\">\r\n                            GlobalGAP proporciona directrices detalladas sobre pr\u00e1cticas agr\u00edcolas seguras y sostenibles, lo que ayuda a la empresa a cumplir con los est\u00e1ndares internacionales requeridos por los compradores y los mercados globales.                        <\/p>\r\n                                                                    <\/div>\r\n                  <\/div>\r\n                  <div class=\"col-md-4 col-lg-4 col-sm-12 col-xs-12 image_column\">\r\n                                          <div class=\"slider_image\">\r\n                        <img src=\"http:\/\/www.haciendaangel.com\/wp-content\/uploads\/2023\/01\/unknown_316316137_157190017022331_8487726156918411135_n.jpg\" class=\"img-fluid\" alt=\"slider image\" \/>\r\n                     <\/div>\r\n                      \r\n                  <\/div>\r\n               <\/div>\r\n              \r\n       <\/div>\r\n     \r\n    <\/section>\r\n \r\n\t\t<\/div>\n\t\t\t\t<\/div>\n\t\t\t\t\t<\/div>\n\t\t<\/div>\n\t\t\t\t\t\t\t<\/div>\n\t\t<\/section>\n\t\t\t\t<section class=\"elementor-section elementor-top-section elementor-element elementor-element-ddc1658 elementor-section-boxed elementor-section-height-default elementor-section-height-default\" data-id=\"ddc1658\" data-element_type=\"section\" data-no-translation=\"\">\n\t\t\t\t\t\t<div class=\"elementor-container elementor-column-gap-default\">\n\t\t\t\t\t<div class=\"elementor-column elementor-col-100 elementor-top-column elementor-element elementor-element-e9abdf7\" data-id=\"e9abdf7\" data-element_type=\"column\">\n\t\t\t<div class=\"elementor-widget-wrap elementor-element-populated\">\n\t\t\t\t\t\t\t\t<div class=\"elementor-element elementor-element-d595cbc elementor-widget elementor-widget-creote-single-banner-v1\" data-id=\"d595cbc\" data-element_type=\"widget\" data-widget_type=\"creote-single-banner-v1.default\">\n\t\t\t\t<div class=\"elementor-widget-container\">\n\t\t\t    <section class=\"single_banner style_one\">\r\n        <div class=\"container\">\r\n        <div class=\"row d-flex align-items-center\">\r\n                  <div class=\"col-md-8 col-lg-8 col-sm-12 col-xs-12\">\r\n                     <div class=\"slider_content\">\r\n                                                                      <h1  class=\"animated\">\r\n                           Mejora de la calidad:                        <\/h1>\r\n                                                \r\n                                                <p class=\"description animated\">\r\n                            La implementaci\u00f3n de las pr\u00e1cticas recomendadas por GlobalGAP lleva a una mejora en la calidad de los productos. Esto resulta en una mayor aceptaci\u00f3n por parte de los consumidores y compradores.                        <\/p>\r\n                                                                    <\/div>\r\n                  <\/div>\r\n                  <div class=\"col-md-4 col-lg-4 col-sm-12 col-xs-12 image_column\">\r\n                                          <div class=\"slider_image\">\r\n                        <img src=\"http:\/\/www.haciendaangel.com\/wp-content\/uploads\/2023\/01\/unknown_313347645_152937044114295_4572353835111712574_n.jpg\" class=\"img-fluid\" alt=\"slider image\" \/>\r\n                     <\/div>\r\n                      \r\n                  <\/div>\r\n               <\/div>\r\n              \r\n       <\/div>\r\n     \r\n    <\/section>\r\n \r\n\t\t<\/div>\n\t\t\t\t<\/div>\n\t\t\t\t\t<\/div>\n\t\t<\/div>\n\t\t\t\t\t\t\t<\/div>\n\t\t<\/section>\n\t\t\t\t<section class=\"elementor-section elementor-top-section elementor-element elementor-element-fbd4f34 elementor-section-boxed elementor-section-height-default elementor-section-height-default\" data-id=\"fbd4f34\" data-element_type=\"section\">\n\t\t\t\t\t\t<div class=\"elementor-container elementor-column-gap-default\">\n\t\t\t\t\t<div class=\"elementor-column elementor-col-100 elementor-top-column elementor-element elementor-element-8c3fb71\" data-id=\"8c3fb71\" data-element_type=\"column\">\n\t\t\t<div class=\"elementor-widget-wrap elementor-element-populated\">\n\t\t\t\t\t\t\t\t<div class=\"elementor-element elementor-element-32066c6 elementor-widget elementor-widget-creote-title-v1\" data-id=\"32066c6\" data-element_type=\"widget\" data-widget_type=\"creote-title-v1.default\">\n\t\t\t\t<div class=\"elementor-widget-container\">\n\t\t\t<div class=\"title_all_box style_one  dark_color\" >\r\n         <div class=\"title_sections center\">\r\n                  <h2>  Ensuring continuous improvement<\/h2>\r\n                  <p>  With integrity programs<\/p>\r\n         <\/div>\r\n               \r\n<\/div>\r\n\t\t<\/div>\n\t\t\t\t<\/div>\n\t\t\t\t\t<\/div>\n\t\t<\/div>\n\t\t\t\t\t\t\t<\/div>\n\t\t<\/section>\n\t\t\t\t<section class=\"elementor-section elementor-top-section elementor-element elementor-element-78c7415 elementor-section-boxed elementor-section-height-default elementor-section-height-default\" data-id=\"78c7415\" data-element_type=\"section\">\n\t\t\t\t\t\t<div class=\"elementor-container elementor-column-gap-default\">\n\t\t\t\t\t<div class=\"elementor-column elementor-col-100 elementor-top-column elementor-element elementor-element-b17659f\" data-id=\"b17659f\" data-element_type=\"column\">\n\t\t\t<div class=\"elementor-widget-wrap elementor-element-populated\">\n\t\t\t\t\t\t\t\t<div class=\"elementor-element elementor-element-5c313bd elementor-widget elementor-widget-creote-slider-v1\" data-id=\"5c313bd\" data-element_type=\"widget\" data-widget_type=\"creote-slider-v1.default\">\n\t\t\t\t<div class=\"elementor-widget-container\">\n\t\t\t<section class=\"slider style_one\">\r\n   <div class=\"banner-carousel theme_carousel owl-theme owl-carousel\" data-options='{\"loop\": true, \"margin\": 0, \"autoheight\":true, \"lazyload\":true, \"nav\": true, \"dots\": true, \"autoplay\": true, \"autoplayTimeout\": 6000, \"smartSpeed\": 1000, \"responsive\":{ \"0\" :{ \"items\": \"1\" }, \"768\" :{ \"items\" : \"1\" } , \"1000\":{ \"items\" : \"1\" }}}'>\r\n                  <div class=\"slide-item\">\r\n         <div class=\"slide-item-content content_left\">\r\n            <div class=\"image-layer\"  style=\"background-image:url(http:\/\/www.haciendaangel.com\/wp-content\/uploads\/2023\/01\/unknown_316316137_157190017022331_8487726156918411135_n.jpg)\" ><\/div>\r\n            <div class=\"auto-container\">\r\n               <div class=\"row\">\r\n                  <div class=\"col-md-12 col-lg-7 col-sm-12 col-xs-12\">\r\n                     <div class=\"slider_content\"  >\r\n                                                <h1  class=\"animated _fadeInDownBig\">\r\n                           Cultivating the future of the planet                        <\/h1>\r\n                                                                        <h6  class=\"animated _flipInY\">\r\n                           Food safety and traceability\nEnvironment (including biodiversity)                        <\/h6>\r\n                                                                                             <\/div>\r\n                  <\/div>\r\n                  <div class=\"col-md-12 col-lg-5 col-sm-12 col-xs-12 image_column\">\r\n                                          <div class=\"slider_image _flipInX\" style=''>\r\n                        <img src=\"http:\/\/www.haciendaangel.com\/wp-content\/uploads\/2023\/01\/unknown_316316137_157190017022331_8487726156918411135_n.jpg\" class=\"img-fluid\" alt=\"slider image\" \/>\r\n                     <\/div>\r\n                      \r\n                  <\/div>\r\n               <\/div>\r\n            <\/div>\r\n         <\/div>\r\n      <\/div>\r\n            <div class=\"slide-item\">\r\n         <div class=\"slide-item-content content_left\">\r\n            <div class=\"image-layer\"  style=\"background-image:url(http:\/\/www.haciendaangel.com\/wp-content\/uploads\/2023\/01\/unknown_324016597_1223560075265099_1325385640811495839_n.jpg)\" ><\/div>\r\n            <div class=\"auto-container\">\r\n               <div class=\"row\">\r\n                  <div class=\"col-md-12 col-lg-7 col-sm-12 col-xs-12\">\r\n                     <div class=\"slider_content\"  >\r\n                                                <h1  class=\"animated _fadeInDownBig\">\r\n                           efficiency                        <\/h1>\r\n                                                                        <h6  class=\"animated _flipInY\">\r\n                           Our standard demands, among other things, greater efficiency in production.                        <\/h6>\r\n                                                                        <p class=\"description animated _flipInX\">\r\n                           t improves business performance and reduces the waste of necessary resources. It also requires a general approach to agricultural production that develops best practices for future generations.                        <\/p>\r\n                                                                     <\/div>\r\n                  <\/div>\r\n                  <div class=\"col-md-12 col-lg-5 col-sm-12 col-xs-12 image_column\">\r\n                                          <div class=\"slider_image _flipInX\" style=''>\r\n                        <img src=\"http:\/\/www.haciendaangel.com\/wp-content\/uploads\/2023\/01\/unknown_324016597_1223560075265099_1325385640811495839_n.jpg\" class=\"img-fluid\" alt=\"slider image\" \/>\r\n                     <\/div>\r\n                      \r\n                  <\/div>\r\n               <\/div>\r\n            <\/div>\r\n         <\/div>\r\n      <\/div>\r\n            <div class=\"slide-item\">\r\n         <div class=\"slide-item-content content_left\">\r\n            <div class=\"image-layer\"  style=\"background-image:url(http:\/\/www.haciendaangel.com\/wp-content\/uploads\/2023\/01\/unknown_316549307_157194947021838_1885630520815204660_n.jpg)\" ><\/div>\r\n            <div class=\"auto-container\">\r\n               <div class=\"row\">\r\n                  <div class=\"col-md-12 col-lg-7 col-sm-12 col-xs-12\">\r\n                     <div class=\"slider_content\"  >\r\n                                                <h1  class=\"animated _fadeInDownBig\">\r\n                           GLOBAL GAP                        <\/h1>\r\n                                                                        <h6  class=\"animated _flipInY\">\r\n                           The GLOBALG.A.P. Harmonized Produce Safety Standard (HPSS)                        <\/h6>\r\n                                                                        <p class=\"description animated _flipInX\">\r\n                           \n is a robust food safety standard that includes verbatim the Produce GAP Harmonization Initiative\u2019s Harmonized Standards.                        <\/p>\r\n                                                                     <\/div>\r\n                  <\/div>\r\n                  <div class=\"col-md-12 col-lg-5 col-sm-12 col-xs-12 image_column\">\r\n                                          <div class=\"slider_image _FadeInLeft\" style=''>\r\n                        <img src=\"http:\/\/www.haciendaangel.com\/wp-content\/uploads\/2023\/01\/unknown_316549307_157194947021838_1885630520815204660_n-e1672960367919.jpg\" class=\"img-fluid\" alt=\"slider image\" \/>\r\n                     <\/div>\r\n                      \r\n                  <\/div>\r\n               <\/div>\r\n            <\/div>\r\n         <\/div>\r\n      <\/div>\r\n                  \r\n   <\/div>\r\n<\/section>\r\n\t\t<\/div>\n\t\t\t\t<\/div>\n\t\t\t\t\t<\/div>\n\t\t<\/div>\n\t\t\t\t\t\t\t<\/div>\n\t\t<\/section>\n\t\t\t\t<section class=\"elementor-section elementor-top-section elementor-element elementor-element-49ecea1 elementor-section-boxed elementor-section-height-default elementor-section-height-default\" data-id=\"49ecea1\" data-element_type=\"section\">\n\t\t\t\t\t\t<div class=\"elementor-container elementor-column-gap-default\">\n\t\t\t\t\t<div class=\"elementor-column elementor-col-100 elementor-top-column elementor-element elementor-element-299c378\" data-id=\"299c378\" data-element_type=\"column\">\n\t\t\t<div class=\"elementor-widget-wrap elementor-element-populated\">\n\t\t\t\t\t\t\t\t<div class=\"elementor-element elementor-element-14c49b8 elementor-widget elementor-widget-creote-process-v1\" data-id=\"14c49b8\" data-element_type=\"widget\" data-widget_type=\"creote-process-v1.default\">\n\t\t\t\t<div class=\"elementor-widget-container\">\n\t\t\t<div class=\"process_box style_one dark_color\" >\r\n         <div class=\"process_box_outer\">\r\n            <div class=\"icon\">\r\n         <span class=\"fa fa-address-card\"><\/span>\r\n                  <div class=\"number\">\r\n            01         <\/div>\r\n               <\/div>\r\n            <div class=\"content_box\">\r\n                           <h2>    <a href=\"#\"   target=\"&quot;_blank&quot;\"  rel=\"&quot;nofollow&quot;\">\r\n            Governance            <\/a>\r\n         <\/h2>\r\n                        <\/div>\r\n   <\/div>\r\n               \r\n<\/div>\r\n\t\t<\/div>\n\t\t\t\t<\/div>\n\t\t\t\t<div class=\"elementor-element elementor-element-bb52da0 elementor-widget elementor-widget-creote-process-v1\" data-id=\"bb52da0\" data-element_type=\"widget\" data-widget_type=\"creote-process-v1.default\">\n\t\t\t\t<div class=\"elementor-widget-container\">\n\t\t\t<div class=\"process_box style_one dark_color\" >\r\n         <div class=\"process_box_outer\">\r\n            <div class=\"icon\">\r\n         <span class=\"fa fa-bullhorn\"><\/span>\r\n                  <div class=\"number\">\r\n            02         <\/div>\r\n               <\/div>\r\n            <div class=\"content_box\">\r\n                           <h2>    <a href=\"#\"   target=\"&quot;_blank&quot;\"  rel=\"&quot;nofollow&quot;\">\r\n            System development            <\/a>\r\n         <\/h2>\r\n                           <p>  Transition to normative documents and guidance<\/p>\r\n               <\/div>\r\n   <\/div>\r\n               \r\n<\/div>\r\n\t\t<\/div>\n\t\t\t\t<\/div>\n\t\t\t\t<div class=\"elementor-element elementor-element-c2cc7bf elementor-widget elementor-widget-creote-process-v1\" data-id=\"c2cc7bf\" data-element_type=\"widget\" data-widget_type=\"creote-process-v1.default\">\n\t\t\t\t<div class=\"elementor-widget-container\">\n\t\t\t<div class=\"process_box style_one dark_color\" >\r\n         <div class=\"process_box_outer\">\r\n            <div class=\"icon\">\r\n         <span class=\"fa fa-arrow-circle-down\"><\/span>\r\n                  <div class=\"number\">\r\n            03         <\/div>\r\n               <\/div>\r\n            <div class=\"content_box\">\r\n                           <h2>    <a href=\"#\"   target=\"&quot;_blank&quot;\"  rel=\"&quot;nofollow&quot;\">\r\n            Implementation            <\/a>\r\n         <\/h2>\r\n                           <p>  Training, Accreditation ,  Benchmarking and approval<\/p>\r\n               <\/div>\r\n   <\/div>\r\n               \r\n<\/div>\r\n\t\t<\/div>\n\t\t\t\t<\/div>\n\t\t\t\t<div class=\"elementor-element elementor-element-7a8a833 elementor-widget elementor-widget-creote-process-v1\" data-id=\"7a8a833\" data-element_type=\"widget\" data-widget_type=\"creote-process-v1.default\">\n\t\t\t\t<div class=\"elementor-widget-container\">\n\t\t\t<div class=\"process_box style_one dark_color\" >\r\n         <div class=\"process_box_outer\">\r\n            <div class=\"icon\">\r\n         <span class=\"icon-statistic\"><\/span>\r\n                  <div class=\"number\">\r\n            01         <\/div>\r\n               <\/div>\r\n            <div class=\"content_box\">\r\n                           <h2>    <a href=\"#\"   target=\"&quot;_blank&quot;\"  rel=\"&quot;nofollow&quot;\">\r\n            Monitoring            <\/a>\r\n         <\/h2>\r\n                           <p>  Database analysis, statistics and validation<\/p>\r\n               <\/div>\r\n   <\/div>\r\n               \r\n<\/div>\r\n\t\t<\/div>\n\t\t\t\t<\/div>\n\t\t\t\t\t<\/div>\n\t\t<\/div>\n\t\t\t\t\t\t\t<\/div>\n\t\t<\/section>\n\t\t\t\t\t\t\t<\/div>","protected":false},"excerpt":{"rendered":"<p>Working by GLOBAL GAP standards . global gap Inspirados por la eficiencia GlobalGAP (Good Agricultural Practices) es un conjunto de normas de certificaci\u00f3n agr\u00edcola reconocidas internacionalmente que tienen como objetivo promover la seguridad alimentaria, la sostenibilidad y la calidad en la producci\u00f3n agr\u00edcola. Cumplimiento de est\u00e1ndares internacionales GlobalGAP proporciona directrices detalladas sobre pr\u00e1cticas agr\u00edcolas seguras [&hellip;]<\/p>","protected":false},"author":1,"featured_media":0,"parent":0,"menu_order":0,"comment_status":"closed","ping_status":"closed","template":"template-fullwidth.php","meta":[],"_links":{"self":[{"href":"http:\/\/www.haciendaangel.com\/es\/wp-json\/wp\/v2\/pages\/6101"}],"collection":[{"href":"http:\/\/www.haciendaangel.com\/es\/wp-json\/wp\/v2\/pages"}],"about":[{"href":"http:\/\/www.haciendaangel.com\/es\/wp-json\/wp\/v2\/types\/page"}],"author":[{"embeddable":true,"href":"http:\/\/www.haciendaangel.com\/es\/wp-json\/wp\/v2\/users\/1"}],"replies":[{"embeddable":true,"href":"http:\/\/www.haciendaangel.com\/es\/wp-json\/wp\/v2\/comments?post=6101"}],"version-history":[{"count":62,"href":"http:\/\/www.haciendaangel.com\/es\/wp-json\/wp\/v2\/pages\/6101\/revisions"}],"predecessor-version":[{"id":6831,"href":"http:\/\/www.haciendaangel.com\/es\/wp-json\/wp\/v2\/pages\/6101\/revisions\/6831"}],"wp:attachment":[{"href":"http:\/\/www.haciendaangel.com\/es\/wp-json\/wp\/v2\/media?parent=6101"}],"curies":[{"name":"wp","href":"https:\/\/api.w.org\/{rel}","templated":true}]}}