{"id":6427,"date":"2022-08-28T17:52:05","date_gmt":"2022-08-28T17:52:05","guid":{"rendered":"http:\/\/www.haciendaangel.com\/?page_id=6427"},"modified":"2023-08-27T00:52:00","modified_gmt":"2023-08-27T00:52:00","slug":"sedex-smeta-certification","status":"publish","type":"page","link":"http:\/\/www.haciendaangel.com\/es\/sedex-smeta-certification\/","title":{"rendered":"SEDEX SMETA"},"content":{"rendered":"<div data-elementor-type=\"wp-page\" data-elementor-id=\"6427\" class=\"elementor elementor-6427\">\n\t\t\t\t\t\t\t\t\t<section class=\"elementor-section elementor-top-section elementor-element elementor-element-7a1c9c2 elementor-section-boxed elementor-section-height-default elementor-section-height-default\" data-id=\"7a1c9c2\" data-element_type=\"section\">\n\t\t\t\t\t\t<div class=\"elementor-container elementor-column-gap-default\">\n\t\t\t\t\t<div class=\"elementor-column elementor-col-100 elementor-top-column elementor-element elementor-element-7dd5d4e\" data-id=\"7dd5d4e\" data-element_type=\"column\">\n\t\t\t<div class=\"elementor-widget-wrap elementor-element-populated\">\n\t\t\t\t\t\t\t\t<div class=\"elementor-element elementor-element-d89401f elementor-widget elementor-widget-creote-title-v1\" data-id=\"d89401f\" data-element_type=\"widget\" data-widget_type=\"creote-title-v1.default\">\n\t\t\t\t<div class=\"elementor-widget-container\">\n\t\t\t<div class=\"title_all_box style_one  dark_color\" >\r\n         <div class=\"title_sections center\">\r\n            <div class=\"before_title\">\r\n         WE COMPLY WITH THE STANDARDS OF      <\/div>\r\n                  <h2>  SEDEX SMETA<\/h2>\r\n               <\/div>\r\n               \r\n<\/div>\r\n\t\t<\/div>\n\t\t\t\t<\/div>\n\t\t\t\t\t<\/div>\n\t\t<\/div>\n\t\t\t\t\t\t\t<\/div>\n\t\t<\/section>\n\t\t\t\t<section class=\"elementor-section elementor-top-section elementor-element elementor-element-89a0659 elementor-section-boxed elementor-section-height-default elementor-section-height-default\" data-id=\"89a0659\" data-element_type=\"section\">\n\t\t\t\t\t\t<div class=\"elementor-container elementor-column-gap-default\">\n\t\t\t\t\t<div class=\"elementor-column elementor-col-100 elementor-top-column elementor-element elementor-element-5eabce1\" data-id=\"5eabce1\" data-element_type=\"column\">\n\t\t\t<div class=\"elementor-widget-wrap elementor-element-populated\">\n\t\t\t\t\t\t\t\t<div class=\"elementor-element elementor-element-f31ac15 elementor-widget elementor-widget-creote-slider-v2\" data-id=\"f31ac15\" data-element_type=\"widget\" data-widget_type=\"creote-slider-v2.default\">\n\t\t\t\t<div class=\"elementor-widget-container\">\n\t\t\t<section class=\"slider slider_version_v2 style_one\">\r\n   <div class=\"banner-carousel theme_carousel owl-theme owl-carousel\" data-options='{\"loop\": true, \"margin\": 0, \"autoheight\":true, \"lazyload\":true, \"nav\": true, \"dots\": true, \"autoplay\": true, \"autoplayTimeout\": 6000, \"smartSpeed\": 1000, \"responsive\":{ \"0\" :{ \"items\": \"1\" }, \"768\" :{ \"items\" : \"1\" } , \"1000\":{ \"items\" : \"1\" }}}'>\r\n                              <div class=\"slide-item\">\r\n         <div class=\"slide-item-content content_center\">\r\n            <div class=\"image-layer\"  style=\"background-image:url(http:\/\/www.haciendaangel.com\/wp-content\/uploads\/2022\/08\/probar.jpg)\" ><\/div>\r\n            <div class=\"auto-container\">\r\n               <div class=\"row\">\r\n                  <div class=\"col-md-12 col-lg-12 col-sm-12 col-xs-12\">\r\n                     <div class=\"slider_content\" style=''>\r\n                                                                         \r\n                                             <\/div>\r\n                  <\/div>\r\n               <\/div>\r\n            <\/div>\r\n         <\/div>\r\n      <\/div>\r\n                           <\/div>\r\n<\/section>\r\n\t\t<\/div>\n\t\t\t\t<\/div>\n\t\t\t\t\t<\/div>\n\t\t<\/div>\n\t\t\t\t\t\t\t<\/div>\n\t\t<\/section>\n\t\t\t\t<section class=\"elementor-section elementor-top-section elementor-element elementor-element-d06fbc3 elementor-section-boxed elementor-section-height-default elementor-section-height-default\" data-id=\"d06fbc3\" data-element_type=\"section\" data-no-translation=\"\">\n\t\t\t\t\t\t<div class=\"elementor-container elementor-column-gap-default\">\n\t\t\t\t\t<div class=\"elementor-column elementor-col-100 elementor-top-column elementor-element elementor-element-e4755c2\" data-id=\"e4755c2\" data-element_type=\"column\">\n\t\t\t<div class=\"elementor-widget-wrap elementor-element-populated\">\n\t\t\t\t\t\t\t\t<div class=\"elementor-element elementor-element-719d5a8 elementor-widget elementor-widget-creote-process-v1\" data-id=\"719d5a8\" data-element_type=\"widget\" data-widget_type=\"creote-process-v1.default\">\n\t\t\t\t<div class=\"elementor-widget-container\">\n\t\t\t<div class=\"process_box style_one dark_color\" >\r\n         <div class=\"process_box_outer\">\r\n            <div class=\"icon\">\r\n         <span class=\"fa fa-area-chart\"><\/span>\r\n                  <div class=\"number\">\r\n            01         <\/div>\r\n               <\/div>\r\n            <div class=\"content_box\">\r\n                           <h2>    <a href=\"#\"   target=\"&quot;_blank&quot;\"  rel=\"&quot;nofollow&quot;\">\r\n            Fortaleciendo nuestros \u00e9standares            <\/a>\r\n         <\/h2>\r\n                           <p>  Hacienda El \u00c1ngel ha implementado con \u00e9xito diversas herramientas y pr\u00e1cticas que han contribuido significativamente a mejorar la calidad de sus productos. A trav\u00e9s de la participaci\u00f3n activa en Sedex y la aplicaci\u00f3n de auditor\u00edas SMETA, la hacienda ha logrado fortalecer sus est\u00e1ndares \u00e9ticos y laborales, lo que ha repercutido positivamente en la calidad general de sus productos.<\/p>\r\n               <\/div>\r\n   <\/div>\r\n               \r\n<\/div>\r\n\t\t<\/div>\n\t\t\t\t<\/div>\n\t\t\t\t\t<\/div>\n\t\t<\/div>\n\t\t\t\t\t\t\t<\/div>\n\t\t<\/section>\n\t\t\t\t<section class=\"elementor-section elementor-top-section elementor-element elementor-element-9c20132 elementor-section-boxed elementor-section-height-default elementor-section-height-default\" data-id=\"9c20132\" data-element_type=\"section\" data-no-translation=\"\">\n\t\t\t\t\t\t<div class=\"elementor-container elementor-column-gap-default\">\n\t\t\t\t\t<div class=\"elementor-column elementor-col-100 elementor-top-column elementor-element elementor-element-ad0bf7c\" data-id=\"ad0bf7c\" data-element_type=\"column\">\n\t\t\t<div class=\"elementor-widget-wrap elementor-element-populated\">\n\t\t\t\t\t\t\t\t<div class=\"elementor-element elementor-element-6f274cb elementor-widget elementor-widget-creote-slider-v1\" data-id=\"6f274cb\" data-element_type=\"widget\" data-widget_type=\"creote-slider-v1.default\">\n\t\t\t\t<div class=\"elementor-widget-container\">\n\t\t\t<section class=\"slider style_one\">\r\n   <div class=\"banner-carousel theme_carousel owl-theme owl-carousel\" data-options='{\"loop\": true, \"margin\": 0, \"autoheight\":true, \"lazyload\":true, \"nav\": true, \"dots\": true, \"autoplay\": true, \"autoplayTimeout\": 6000, \"smartSpeed\": 1000, \"responsive\":{ \"0\" :{ \"items\": \"1\" }, \"768\" :{ \"items\" : \"1\" } , \"1000\":{ \"items\" : \"1\" }}}'>\r\n                  <div class=\"slide-item\">\r\n         <div class=\"slide-item-content content_left\">\r\n            <div class=\"image-layer\"  style=\"background-image:url(http:\/\/www.haciendaangel.com\/wp-content\/uploads\/2023\/01\/IMG_1601-min-2-scaled.jpg)\" ><\/div>\r\n            <div class=\"auto-container\">\r\n               <div class=\"row\">\r\n                  <div class=\"col-md-12 col-lg-7 col-sm-12 col-xs-12\">\r\n                     <div class=\"slider_content\"  >\r\n                                                <h1  class=\"animated _fadeInDownBig\">\r\n                           SMETA (Sedex Members Ethical Trade Audit):                         <\/h1>\r\n                                                                                                <p class=\"description animated _flipInX\">\r\n                            SMETA es una metodolog\u00eda de auditor\u00eda desarrollada por Sedex para evaluar y mejorar las pr\u00e1cticas laborales y \u00e9ticas en las cadenas de suministro. SMETA se basa en los principios de \u00e9tica comercial, derechos laborales y derechos humanos. Las auditor\u00edas SMETA eval\u00faan aspectos como el trabajo infantil, el trabajo forzado, la seguridad en el lugar de trabajo, la remuneraci\u00f3n justa, las horas de trabajo y m\u00e1s.                        <\/p>\r\n                                                                     <\/div>\r\n                  <\/div>\r\n                  <div class=\"col-md-12 col-lg-5 col-sm-12 col-xs-12 image_column\">\r\n                                          <div class=\"slider_image _flipInX\" style=''>\r\n                        <img src=\"http:\/\/www.haciendaangel.com\/wp-content\/uploads\/2023\/01\/IMG_1601-min-2-scaled.jpg\" class=\"img-fluid\" alt=\"slider image\" \/>\r\n                     <\/div>\r\n                      \r\n                  <\/div>\r\n               <\/div>\r\n            <\/div>\r\n         <\/div>\r\n      <\/div>\r\n                  \r\n   <\/div>\r\n<\/section>\r\n\t\t<\/div>\n\t\t\t\t<\/div>\n\t\t\t\t\t<\/div>\n\t\t<\/div>\n\t\t\t\t\t\t\t<\/div>\n\t\t<\/section>\n\t\t\t\t<section class=\"elementor-section elementor-top-section elementor-element elementor-element-d08c327 elementor-section-boxed elementor-section-height-default elementor-section-height-default\" data-id=\"d08c327\" data-element_type=\"section\" data-no-translation=\"\">\n\t\t\t\t\t\t<div class=\"elementor-container elementor-column-gap-default\">\n\t\t\t\t\t<div class=\"elementor-column elementor-col-100 elementor-top-column elementor-element elementor-element-4d4fd20\" data-id=\"4d4fd20\" data-element_type=\"column\">\n\t\t\t<div class=\"elementor-widget-wrap elementor-element-populated\">\n\t\t\t\t\t\t\t\t<div class=\"elementor-element elementor-element-2963588 elementor-widget elementor-widget-creote-slider-v1\" data-id=\"2963588\" data-element_type=\"widget\" data-widget_type=\"creote-slider-v1.default\">\n\t\t\t\t<div class=\"elementor-widget-container\">\n\t\t\t<section class=\"slider style_one\">\r\n   <div class=\"banner-carousel theme_carousel owl-theme owl-carousel\" data-options='{\"loop\": true, \"margin\": 0, \"autoheight\":true, \"lazyload\":true, \"nav\": true, \"dots\": true, \"autoplay\": true, \"autoplayTimeout\": 6000, \"smartSpeed\": 1000, \"responsive\":{ \"0\" :{ \"items\": \"1\" }, \"768\" :{ \"items\" : \"1\" } , \"1000\":{ \"items\" : \"1\" }}}'>\r\n                  <div class=\"slide-item\">\r\n         <div class=\"slide-item-content content_left\">\r\n            <div class=\"image-layer\"  style=\"background-image:url(http:\/\/www.haciendaangel.com\/wp-content\/uploads\/2023\/01\/IMG_1977-min-1-scaled.jpg)\" ><\/div>\r\n            <div class=\"auto-container\">\r\n               <div class=\"row\">\r\n                  <div class=\"col-md-12 col-lg-7 col-sm-12 col-xs-12\">\r\n                     <div class=\"slider_content\"  >\r\n                                                <h1  class=\"animated _fadeInDownBig\">\r\n                           Sedex (Supplier Ethical Data Exchange):                        <\/h1>\r\n                                                                                                <p class=\"description animated _flipInX\">\r\n                           Sedex es una organizaci\u00f3n global sin fines de lucro que opera una plataforma en l\u00ednea para compartir datos \u00e9ticos y sociales en la cadena de suministro. Su objetivo es promover pr\u00e1cticas comerciales responsables y sostenibles. Las empresas pueden unirse a Sedex y compartir informaci\u00f3n sobre temas como condiciones laborales, derechos humanos, salud y seguridad, \u00e9tica empresarial y m\u00e1s. Esto permite que las organizaciones eval\u00faen y mejoren la responsabilidad social en sus cadenas de suministro.                        <\/p>\r\n                                                                     <\/div>\r\n                  <\/div>\r\n                  <div class=\"col-md-12 col-lg-5 col-sm-12 col-xs-12 image_column\">\r\n                                          <div class=\"slider_image _flipInX\" style=''>\r\n                        <img src=\"http:\/\/www.haciendaangel.com\/wp-content\/uploads\/2023\/01\/IMG_1977-min-1-scaled.jpg\" class=\"img-fluid\" alt=\"slider image\" \/>\r\n                     <\/div>\r\n                      \r\n                  <\/div>\r\n               <\/div>\r\n            <\/div>\r\n         <\/div>\r\n      <\/div>\r\n                  \r\n   <\/div>\r\n<\/section>\r\n\t\t<\/div>\n\t\t\t\t<\/div>\n\t\t\t\t\t<\/div>\n\t\t<\/div>\n\t\t\t\t\t\t\t<\/div>\n\t\t<\/section>\n\t\t\t\t<section class=\"elementor-section elementor-top-section elementor-element elementor-element-cd68fd0 elementor-section-boxed elementor-section-height-default elementor-section-height-default\" data-id=\"cd68fd0\" data-element_type=\"section\" data-no-translation=\"\">\n\t\t\t\t\t\t<div class=\"elementor-container elementor-column-gap-default\">\n\t\t\t\t\t<div class=\"elementor-column elementor-col-100 elementor-top-column elementor-element elementor-element-b650c78\" data-id=\"b650c78\" data-element_type=\"column\">\n\t\t\t<div class=\"elementor-widget-wrap elementor-element-populated\">\n\t\t\t\t\t\t\t\t<div class=\"elementor-element elementor-element-e9b9352 elementor-widget elementor-widget-creote-slider-v1\" data-id=\"e9b9352\" data-element_type=\"widget\" data-widget_type=\"creote-slider-v1.default\">\n\t\t\t\t<div class=\"elementor-widget-container\">\n\t\t\t<section class=\"slider style_one\">\r\n   <div class=\"banner-carousel theme_carousel owl-theme owl-carousel\" data-options='{\"loop\": true, \"margin\": 0, \"autoheight\":true, \"lazyload\":true, \"nav\": true, \"dots\": true, \"autoplay\": true, \"autoplayTimeout\": 6000, \"smartSpeed\": 1000, \"responsive\":{ \"0\" :{ \"items\": \"1\" }, \"768\" :{ \"items\" : \"1\" } , \"1000\":{ \"items\" : \"1\" }}}'>\r\n                  <div class=\"slide-item\">\r\n         <div class=\"slide-item-content content_left\">\r\n            <div class=\"image-layer\"  style=\"background-image:url(http:\/\/www.haciendaangel.com\/wp-content\/uploads\/2023\/01\/IMG_1977-min-1-scaled.jpg)\" ><\/div>\r\n            <div class=\"auto-container\">\r\n               <div class=\"row\">\r\n                  <div class=\"col-md-12 col-lg-7 col-sm-12 col-xs-12\">\r\n                     <div class=\"slider_content\"  >\r\n                                                <h1  class=\"animated _fadeInDownBig\">\r\n                           Nuestro compromiso con la calidad:                        <\/h1>\r\n                                                                                                <p class=\"description animated _flipInX\">\r\n                           A trav\u00e9s de estas herramientas, Hacienda El \u00c1ngel ha fortalecido la confianza tanto de sus consumidores como de sus socios comerciales. Al garantizar que sus productos sean producidos en condiciones \u00e9ticas y justas, la hacienda ha reforzado su compromiso con la calidad integral. Esta mejora en la calidad no solo se refleja en la producci\u00f3n misma, sino tambi\u00e9n en la reputaci\u00f3n positiva que la hacienda ha construido en el mercado.                        <\/p>\r\n                                                                     <\/div>\r\n                  <\/div>\r\n                  <div class=\"col-md-12 col-lg-5 col-sm-12 col-xs-12 image_column\">\r\n                                          <div class=\"slider_image _flipInX\" style=''>\r\n                        <img src=\"http:\/\/www.haciendaangel.com\/wp-content\/uploads\/2023\/01\/IMG_1977-min-1-scaled.jpg\" class=\"img-fluid\" alt=\"slider image\" \/>\r\n                     <\/div>\r\n                      \r\n                  <\/div>\r\n               <\/div>\r\n            <\/div>\r\n         <\/div>\r\n      <\/div>\r\n                  \r\n   <\/div>\r\n<\/section>\r\n\t\t<\/div>\n\t\t\t\t<\/div>\n\t\t\t\t\t<\/div>\n\t\t<\/div>\n\t\t\t\t\t\t\t<\/div>\n\t\t<\/section>\n\t\t\t\t\t\t\t<\/div>","protected":false},"excerpt":{"rendered":"<p>WE COMPLY WITH THE STANDARDS OF SEDEX SMETA Understanding working conditions on a site It is important that our workers understand where they are at all times. so that if they establish a synergy and feel comfortable with their work. Corrective action plan SMETA provides a plan that provides clear instructions to suppliers to resolve [&hellip;]<\/p>","protected":false},"author":1,"featured_media":0,"parent":0,"menu_order":0,"comment_status":"closed","ping_status":"closed","template":"template-fullwidth.php","meta":[],"_links":{"self":[{"href":"http:\/\/www.haciendaangel.com\/es\/wp-json\/wp\/v2\/pages\/6427"}],"collection":[{"href":"http:\/\/www.haciendaangel.com\/es\/wp-json\/wp\/v2\/pages"}],"about":[{"href":"http:\/\/www.haciendaangel.com\/es\/wp-json\/wp\/v2\/types\/page"}],"author":[{"embeddable":true,"href":"http:\/\/www.haciendaangel.com\/es\/wp-json\/wp\/v2\/users\/1"}],"replies":[{"embeddable":true,"href":"http:\/\/www.haciendaangel.com\/es\/wp-json\/wp\/v2\/comments?post=6427"}],"version-history":[{"count":156,"href":"http:\/\/www.haciendaangel.com\/es\/wp-json\/wp\/v2\/pages\/6427\/revisions"}],"predecessor-version":[{"id":6876,"href":"http:\/\/www.haciendaangel.com\/es\/wp-json\/wp\/v2\/pages\/6427\/revisions\/6876"}],"wp:attachment":[{"href":"http:\/\/www.haciendaangel.com\/es\/wp-json\/wp\/v2\/media?parent=6427"}],"curies":[{"name":"wp","href":"https:\/\/api.w.org\/{rel}","templated":true}]}}