{"id":6452,"date":"2022-08-28T18:51:42","date_gmt":"2022-08-28T18:51:42","guid":{"rendered":"http:\/\/www.haciendaangel.com\/?page_id=6452"},"modified":"2022-08-28T20:14:20","modified_gmt":"2022-08-28T20:14:20","slug":"our-products","status":"publish","type":"page","link":"http:\/\/www.haciendaangel.com\/es\/our-products\/","title":{"rendered":"Nuestros productos"},"content":{"rendered":"<div data-elementor-type=\"wp-page\" data-elementor-id=\"6452\" class=\"elementor elementor-6452\">\n\t\t\t\t\t\t\t\t\t<section class=\"elementor-section elementor-top-section elementor-element elementor-element-12b4640 elementor-section-boxed elementor-section-height-default elementor-section-height-default\" data-id=\"12b4640\" data-element_type=\"section\">\n\t\t\t\t\t\t\t<div class=\"elementor-background-overlay\"><\/div>\n\t\t\t\t\t\t\t<div class=\"elementor-container elementor-column-gap-default\">\n\t\t\t\t\t<div class=\"elementor-column elementor-col-50 elementor-top-column elementor-element elementor-element-2d9612f\" data-id=\"2d9612f\" data-element_type=\"column\">\n\t\t\t<div class=\"elementor-widget-wrap\">\n\t\t\t\t\t\t\t\t\t<\/div>\n\t\t<\/div>\n\t\t\t\t<div class=\"elementor-column elementor-col-50 elementor-top-column elementor-element elementor-element-f50169c\" data-id=\"f50169c\" data-element_type=\"column\">\n\t\t\t<div class=\"elementor-widget-wrap elementor-element-populated\">\n\t\t\t\t\t\t\t\t<div class=\"elementor-element elementor-element-2ec13dc elementor-widget elementor-widget-creote-title-v1\" data-id=\"2ec13dc\" data-element_type=\"widget\" data-widget_type=\"creote-title-v1.default\">\n\t\t\t\t<div class=\"elementor-widget-container\">\n\t\t\t<div class=\"title_all_box style_one  dark_color\" >\r\n         <div class=\"title_sections left\">\r\n                  <h2>  HASS\/LORENA AVOCADO<\/h2>\r\n               <\/div>\r\n               \r\n<\/div>\r\n\t\t<\/div>\n\t\t\t\t<\/div>\n\t\t\t\t<div class=\"elementor-element elementor-element-fcd4324 elementor-widget elementor-widget-creote-description-v1\" data-id=\"fcd4324\" data-element_type=\"widget\" data-widget_type=\"creote-description-v1.default\">\n\t\t\t\t<div class=\"elementor-widget-container\">\n\t\t\t<div class=\"description_box\" >\r\n    <p>\u00bfQu\u00e9 tiene de especial el aguacate Hass?\nEn cuanto al contenido nutricional, los aguacates Hass tienen m\u00e1s grasa que otras variedades, lo que les da un sabor m\u00e1s rico y suave.\n\n<br><br>\n\n<\/p>\r\n  <\/div>\r\n\t\t<\/div>\n\t\t\t\t<\/div>\n\t\t\t\t<div class=\"elementor-element elementor-element-5c166ca elementor-widget elementor-widget-creote-iconbox-v1\" data-id=\"5c166ca\" data-element_type=\"widget\" data-widget_type=\"creote-iconbox-v1.default\">\n\t\t\t\t<div class=\"elementor-widget-container\">\n\t\t\t<div class=\"icon_box_all  style_two\"   data-aos=\"fade-up\" data-aos-delay=\"0\" >\r\n      <div class=\"icon_content\">\r\n            <div class=\"icon\">\r\n         <span class=\"fa fa-plus-square\"><\/span>\r\n      <\/div>\r\n            <div class=\"txt_content\">\r\n                  <h3>\r\n            <a href=\"#\"  target=\"&quot;_blank&quot;\"  rel=\"&quot;nofollow&quot;\">\r\n            \u00c1cido pantot\u00e9nico (vitamina B5)\n            <\/a>\r\n         <\/h3>\r\n                        <\/div>\r\n   <\/div>\r\n   \r\n<\/div>\r\n\t\t<\/div>\n\t\t\t\t<\/div>\n\t\t\t\t<div class=\"elementor-element elementor-element-60e55f8 elementor-widget elementor-widget-creote-iconbox-v1\" data-id=\"60e55f8\" data-element_type=\"widget\" data-widget_type=\"creote-iconbox-v1.default\">\n\t\t\t\t<div class=\"elementor-widget-container\">\n\t\t\t<div class=\"icon_box_all  style_two\"   data-aos=\"fade-up\" data-aos-delay=\"0\" >\r\n      <div class=\"icon_content\">\r\n            <div class=\"icon\">\r\n         <span class=\"fa fa-plus-square\"><\/span>\r\n      <\/div>\r\n            <div class=\"txt_content\">\r\n                  <h3>\r\n            <a href=\"#\"  target=\"&quot;_blank&quot;\"  rel=\"&quot;nofollow&quot;\">\r\n            Magnesio            <\/a>\r\n         <\/h3>\r\n                        <\/div>\r\n   <\/div>\r\n   \r\n<\/div>\r\n\t\t<\/div>\n\t\t\t\t<\/div>\n\t\t\t\t<div class=\"elementor-element elementor-element-9208b95 elementor-widget elementor-widget-creote-iconbox-v1\" data-id=\"9208b95\" data-element_type=\"widget\" data-widget_type=\"creote-iconbox-v1.default\">\n\t\t\t\t<div class=\"elementor-widget-container\">\n\t\t\t<div class=\"icon_box_all  style_two\"   data-aos=\"fade-up\" data-aos-delay=\"0\" >\r\n      <div class=\"icon_content\">\r\n            <div class=\"icon\">\r\n         <span class=\"fa fa-plus-square\"><\/span>\r\n      <\/div>\r\n            <div class=\"txt_content\">\r\n                  <h3>\r\n            <a href=\"#\"  target=\"&quot;_blank&quot;\"  rel=\"&quot;nofollow&quot;\">\r\n            Riboflavina (Vitamina B2)            <\/a>\r\n         <\/h3>\r\n                        <\/div>\r\n   <\/div>\r\n   \r\n<\/div>\r\n\t\t<\/div>\n\t\t\t\t<\/div>\n\t\t\t\t<div class=\"elementor-element elementor-element-dcfd6e5 elementor-widget elementor-widget-creote-iconbox-v1\" data-id=\"dcfd6e5\" data-element_type=\"widget\" data-widget_type=\"creote-iconbox-v1.default\">\n\t\t\t\t<div class=\"elementor-widget-container\">\n\t\t\t<div class=\"icon_box_all  style_two\"   data-aos=\"fade-up\" data-aos-delay=\"0\" >\r\n      <div class=\"icon_content\">\r\n            <div class=\"icon\">\r\n         <span class=\"fa fa-plus-square\"><\/span>\r\n      <\/div>\r\n            <div class=\"txt_content\">\r\n                  <h3>\r\n            <a href=\"#\"  target=\"&quot;_blank&quot;\"  rel=\"&quot;nofollow&quot;\">\r\n            Vitamina K            <\/a>\r\n         <\/h3>\r\n                        <\/div>\r\n   <\/div>\r\n   \r\n<\/div>\r\n\t\t<\/div>\n\t\t\t\t<\/div>\n\t\t\t\t\t<\/div>\n\t\t<\/div>\n\t\t\t\t\t\t\t<\/div>\n\t\t<\/section>\n\t\t\t\t<section class=\"elementor-section elementor-top-section elementor-element elementor-element-7be0e89 elementor-section-boxed elementor-section-height-default elementor-section-height-default\" data-id=\"7be0e89\" data-element_type=\"section\">\n\t\t\t\t\t\t\t<div class=\"elementor-background-overlay\"><\/div>\n\t\t\t\t\t\t\t<div class=\"elementor-container elementor-column-gap-default\">\n\t\t\t\t\t<div class=\"elementor-column elementor-col-50 elementor-top-column elementor-element elementor-element-7075c1c\" data-id=\"7075c1c\" data-element_type=\"column\">\n\t\t\t<div class=\"elementor-widget-wrap\">\n\t\t\t\t\t\t\t\t\t<\/div>\n\t\t<\/div>\n\t\t\t\t<div class=\"elementor-column elementor-col-50 elementor-top-column elementor-element elementor-element-68fc04d\" data-id=\"68fc04d\" data-element_type=\"column\">\n\t\t\t<div class=\"elementor-widget-wrap elementor-element-populated\">\n\t\t\t\t\t\t\t\t<div class=\"elementor-element elementor-element-641aa78 elementor-widget elementor-widget-creote-title-v1\" data-id=\"641aa78\" data-element_type=\"widget\" data-widget_type=\"creote-title-v1.default\">\n\t\t\t\t<div class=\"elementor-widget-container\">\n\t\t\t<div class=\"title_all_box style_one  dark_color\" >\r\n         <div class=\"title_sections left\">\r\n                  <h2>  Passion Fruit<\/h2>\r\n               <\/div>\r\n               \r\n<\/div>\r\n\t\t<\/div>\n\t\t\t\t<\/div>\n\t\t\t\t<div class=\"elementor-element elementor-element-f2eeb2e elementor-widget elementor-widget-creote-description-v1\" data-id=\"f2eeb2e\" data-element_type=\"widget\" data-widget_type=\"creote-description-v1.default\">\n\t\t\t\t<div class=\"elementor-widget-container\">\n\t\t\t<div class=\"description_box\" >\r\n    <p>Granadilla es una fruta tropical nutritiva que est\u00e1 ganando popularidad, especialmente entre las personas preocupadas por su salud.\n\nA pesar de su peque\u00f1o tama\u00f1o, es rico en antioxidantes, vitaminas y compuestos vegetales que podr\u00edan beneficiar tu salud.<\/p>\r\n  <\/div>\r\n\t\t<\/div>\n\t\t\t\t<\/div>\n\t\t\t\t<div class=\"elementor-element elementor-element-77128ec elementor-widget elementor-widget-creote-iconbox-v1\" data-id=\"77128ec\" data-element_type=\"widget\" data-widget_type=\"creote-iconbox-v1.default\">\n\t\t\t\t<div class=\"elementor-widget-container\">\n\t\t\t<div class=\"icon_box_all  style_two\"   data-aos=\"fade-up\" data-aos-delay=\"0\" >\r\n      <div class=\"icon_content\">\r\n            <div class=\"icon\">\r\n         <span class=\"fa fa-plus-square\"><\/span>\r\n      <\/div>\r\n            <div class=\"txt_content\">\r\n                  <h3>\r\n            <a href=\"#\"  target=\"&quot;_blank&quot;\"  rel=\"&quot;nofollow&quot;\">\r\n            Potasio            <\/a>\r\n         <\/h3>\r\n                        <\/div>\r\n   <\/div>\r\n   \r\n<\/div>\r\n\t\t<\/div>\n\t\t\t\t<\/div>\n\t\t\t\t<div class=\"elementor-element elementor-element-a8e2bc5 elementor-widget elementor-widget-creote-iconbox-v1\" data-id=\"a8e2bc5\" data-element_type=\"widget\" data-widget_type=\"creote-iconbox-v1.default\">\n\t\t\t\t<div class=\"elementor-widget-container\">\n\t\t\t<div class=\"icon_box_all  style_two\"   data-aos=\"fade-up\" data-aos-delay=\"0\" >\r\n      <div class=\"icon_content\">\r\n            <div class=\"icon\">\r\n         <span class=\"fa fa-plus-square\"><\/span>\r\n      <\/div>\r\n            <div class=\"txt_content\">\r\n                  <h3>\r\n            <a href=\"#\"  target=\"&quot;_blank&quot;\"  rel=\"&quot;nofollow&quot;\">\r\n            Vitamina C            <\/a>\r\n         <\/h3>\r\n                        <\/div>\r\n   <\/div>\r\n   \r\n<\/div>\r\n\t\t<\/div>\n\t\t\t\t<\/div>\n\t\t\t\t<div class=\"elementor-element elementor-element-d430941 elementor-widget elementor-widget-creote-iconbox-v1\" data-id=\"d430941\" data-element_type=\"widget\" data-widget_type=\"creote-iconbox-v1.default\">\n\t\t\t\t<div class=\"elementor-widget-container\">\n\t\t\t<div class=\"icon_box_all  style_two\"   data-aos=\"fade-up\" data-aos-delay=\"0\" >\r\n      <div class=\"icon_content\">\r\n            <div class=\"icon\">\r\n         <span class=\"fa fa-plus-square\"><\/span>\r\n      <\/div>\r\n            <div class=\"txt_content\">\r\n                  <h3>\r\n            <a href=\"#\"  target=\"&quot;_blank&quot;\"  rel=\"&quot;nofollow&quot;\">\r\n            Vitamin A            <\/a>\r\n         <\/h3>\r\n                        <\/div>\r\n   <\/div>\r\n   \r\n<\/div>\r\n\t\t<\/div>\n\t\t\t\t<\/div>\n\t\t\t\t<div class=\"elementor-element elementor-element-e4690b3 elementor-widget elementor-widget-creote-iconbox-v1\" data-id=\"e4690b3\" data-element_type=\"widget\" data-widget_type=\"creote-iconbox-v1.default\">\n\t\t\t\t<div class=\"elementor-widget-container\">\n\t\t\t<div class=\"icon_box_all  style_two\"   data-aos=\"fade-up\" data-aos-delay=\"0\" >\r\n      <div class=\"icon_content\">\r\n            <div class=\"icon\">\r\n         <span class=\"fa fa-plus-square\"><\/span>\r\n      <\/div>\r\n            <div class=\"txt_content\">\r\n                  <h3>\r\n            <a href=\"#\"  target=\"&quot;_blank&quot;\"  rel=\"&quot;nofollow&quot;\">\r\n            Hierro            <\/a>\r\n         <\/h3>\r\n                        <\/div>\r\n   <\/div>\r\n   \r\n<\/div>\r\n\t\t<\/div>\n\t\t\t\t<\/div>\n\t\t\t\t\t<\/div>\n\t\t<\/div>\n\t\t\t\t\t\t\t<\/div>\n\t\t<\/section>\n\t\t\t\t<section class=\"elementor-section elementor-top-section elementor-element elementor-element-84abc7a elementor-section-boxed elementor-section-height-default elementor-section-height-default\" data-id=\"84abc7a\" data-element_type=\"section\">\n\t\t\t\t\t\t\t<div class=\"elementor-background-overlay\"><\/div>\n\t\t\t\t\t\t\t<div class=\"elementor-container elementor-column-gap-default\">\n\t\t\t\t\t<div class=\"elementor-column elementor-col-50 elementor-top-column elementor-element elementor-element-12f478f\" data-id=\"12f478f\" data-element_type=\"column\">\n\t\t\t<div class=\"elementor-widget-wrap\">\n\t\t\t\t\t\t\t\t\t<\/div>\n\t\t<\/div>\n\t\t\t\t<div class=\"elementor-column elementor-col-50 elementor-top-column elementor-element elementor-element-66cbe02\" data-id=\"66cbe02\" data-element_type=\"column\">\n\t\t\t<div class=\"elementor-widget-wrap elementor-element-populated\">\n\t\t\t\t\t\t\t\t<div class=\"elementor-element elementor-element-1aeec71 elementor-widget elementor-widget-creote-title-v1\" data-id=\"1aeec71\" data-element_type=\"widget\" data-widget_type=\"creote-title-v1.default\">\n\t\t\t\t<div class=\"elementor-widget-container\">\n\t\t\t<div class=\"title_all_box style_one  dark_color\" >\r\n         <div class=\"title_sections left\">\r\n                  <h2>  BANANO<\/h2>\r\n               <\/div>\r\n               \r\n<\/div>\r\n\t\t<\/div>\n\t\t\t\t<\/div>\n\t\t\t\t<div class=\"elementor-element elementor-element-1e2fa12 elementor-widget elementor-widget-creote-description-v1\" data-id=\"1e2fa12\" data-element_type=\"widget\" data-widget_type=\"creote-description-v1.default\">\n\t\t\t\t<div class=\"elementor-widget-container\">\n\t\t\t<div class=\"description_box\" >\r\n    <p>El banano es una fuente sabrosa y conveniente de algunos nutrientes importantes.<br><br>\n Un pl\u00e1tano mediano te aporta 422 miligramos, que es el 9% de lo que necesitas cada d\u00eda. Este mineral juega un papel importante en la salud del coraz\u00f3n.\n\n<\/p>\r\n  <\/div>\r\n\t\t<\/div>\n\t\t\t\t<\/div>\n\t\t\t\t<div class=\"elementor-element elementor-element-cc214ee elementor-widget elementor-widget-creote-iconbox-v1\" data-id=\"cc214ee\" data-element_type=\"widget\" data-widget_type=\"creote-iconbox-v1.default\">\n\t\t\t\t<div class=\"elementor-widget-container\">\n\t\t\t<div class=\"icon_box_all  style_two\"   data-aos=\"fade-up\" data-aos-delay=\"0\" >\r\n      <div class=\"icon_content\">\r\n            <div class=\"icon\">\r\n         <span class=\"fa fa-plus-square\"><\/span>\r\n      <\/div>\r\n            <div class=\"txt_content\">\r\n                  <h3>\r\n            <a href=\"#\"  target=\"&quot;_blank&quot;\"  rel=\"&quot;nofollow&quot;\">\r\n            Vitamina B6            <\/a>\r\n         <\/h3>\r\n                        <\/div>\r\n   <\/div>\r\n   \r\n<\/div>\r\n\t\t<\/div>\n\t\t\t\t<\/div>\n\t\t\t\t<div class=\"elementor-element elementor-element-34c6ef6 elementor-widget elementor-widget-creote-iconbox-v1\" data-id=\"34c6ef6\" data-element_type=\"widget\" data-widget_type=\"creote-iconbox-v1.default\">\n\t\t\t\t<div class=\"elementor-widget-container\">\n\t\t\t<div class=\"icon_box_all  style_two\"   data-aos=\"fade-up\" data-aos-delay=\"0\" >\r\n      <div class=\"icon_content\">\r\n            <div class=\"icon\">\r\n         <span class=\"fa fa-plus-square\"><\/span>\r\n      <\/div>\r\n            <div class=\"txt_content\">\r\n                  <h3>\r\n            <a href=\"#\"  target=\"&quot;_blank&quot;\"  rel=\"&quot;nofollow&quot;\">\r\n            Vitamina C            <\/a>\r\n         <\/h3>\r\n                        <\/div>\r\n   <\/div>\r\n   \r\n<\/div>\r\n\t\t<\/div>\n\t\t\t\t<\/div>\n\t\t\t\t<div class=\"elementor-element elementor-element-626ed0e elementor-widget elementor-widget-creote-iconbox-v1\" data-id=\"626ed0e\" data-element_type=\"widget\" data-widget_type=\"creote-iconbox-v1.default\">\n\t\t\t\t<div class=\"elementor-widget-container\">\n\t\t\t<div class=\"icon_box_all  style_two\"   data-aos=\"fade-up\" data-aos-delay=\"0\" >\r\n      <div class=\"icon_content\">\r\n            <div class=\"icon\">\r\n         <span class=\"fa fa-plus-square\"><\/span>\r\n      <\/div>\r\n            <div class=\"txt_content\">\r\n                  <h3>\r\n            <a href=\"#\"  target=\"&quot;_blank&quot;\"  rel=\"&quot;nofollow&quot;\">\r\n            Magnesio            <\/a>\r\n         <\/h3>\r\n                        <\/div>\r\n   <\/div>\r\n   \r\n<\/div>\r\n\t\t<\/div>\n\t\t\t\t<\/div>\n\t\t\t\t<div class=\"elementor-element elementor-element-5221a49 elementor-widget elementor-widget-creote-iconbox-v1\" data-id=\"5221a49\" data-element_type=\"widget\" data-widget_type=\"creote-iconbox-v1.default\">\n\t\t\t\t<div class=\"elementor-widget-container\">\n\t\t\t<div class=\"icon_box_all  style_two\"   data-aos=\"fade-up\" data-aos-delay=\"0\" >\r\n      <div class=\"icon_content\">\r\n            <div class=\"icon\">\r\n         <span class=\"fa fa-plus-square\"><\/span>\r\n      <\/div>\r\n            <div class=\"txt_content\">\r\n                  <h3>\r\n            <a href=\"#\"  target=\"&quot;_blank&quot;\"  rel=\"&quot;nofollow&quot;\">\r\n            Vitamin A            <\/a>\r\n         <\/h3>\r\n                        <\/div>\r\n   <\/div>\r\n   \r\n<\/div>\r\n\t\t<\/div>\n\t\t\t\t<\/div>\n\t\t\t\t\t<\/div>\n\t\t<\/div>\n\t\t\t\t\t\t\t<\/div>\n\t\t<\/section>\n\t\t\t\t<section class=\"elementor-section elementor-top-section elementor-element elementor-element-101d51b elementor-section-boxed elementor-section-height-default elementor-section-height-default\" data-id=\"101d51b\" data-element_type=\"section\">\n\t\t\t\t\t\t\t<div class=\"elementor-background-overlay\"><\/div>\n\t\t\t\t\t\t\t<div class=\"elementor-container elementor-column-gap-default\">\n\t\t\t\t\t<div class=\"elementor-column elementor-col-50 elementor-top-column elementor-element elementor-element-801e949\" data-id=\"801e949\" data-element_type=\"column\">\n\t\t\t<div class=\"elementor-widget-wrap\">\n\t\t\t\t\t\t\t\t\t<\/div>\n\t\t<\/div>\n\t\t\t\t<div class=\"elementor-column elementor-col-50 elementor-top-column elementor-element elementor-element-024b5c2\" data-id=\"024b5c2\" data-element_type=\"column\">\n\t\t\t<div class=\"elementor-widget-wrap elementor-element-populated\">\n\t\t\t\t\t\t\t\t<div class=\"elementor-element elementor-element-796f13d elementor-widget elementor-widget-creote-title-v1\" data-id=\"796f13d\" data-element_type=\"widget\" data-widget_type=\"creote-title-v1.default\">\n\t\t\t\t<div class=\"elementor-widget-container\">\n\t\t\t<div class=\"title_all_box style_one  dark_color\" >\r\n         <div class=\"title_sections left\">\r\n                  <h2>  Coffee beans<\/h2>\r\n               <\/div>\r\n               \r\n<\/div>\r\n\t\t<\/div>\n\t\t\t\t<\/div>\n\t\t\t\t<div class=\"elementor-element elementor-element-8f08e2f elementor-widget elementor-widget-creote-description-v1\" data-id=\"8f08e2f\" data-element_type=\"widget\" data-widget_type=\"creote-description-v1.default\">\n\t\t\t\t<div class=\"elementor-widget-container\">\n\t\t\t<div class=\"description_box\" >\r\n    <p>Un grano de caf\u00e9 es una semilla de la planta Coffea y la fuente del caf\u00e9. Es la pepita dentro de la fruta roja o morada a la que a menudo se hace referencia como cereza de caf\u00e9. Al igual que las cerezas comunes, el fruto del caf\u00e9 tambi\u00e9n es una fruta de hueso.<\/p>\r\n  <\/div>\r\n\t\t<\/div>\n\t\t\t\t<\/div>\n\t\t\t\t<div class=\"elementor-element elementor-element-80f5b70 elementor-widget elementor-widget-creote-iconbox-v1\" data-id=\"80f5b70\" data-element_type=\"widget\" data-widget_type=\"creote-iconbox-v1.default\">\n\t\t\t\t<div class=\"elementor-widget-container\">\n\t\t\t<div class=\"icon_box_all  style_two\"   data-aos=\"fade-up\" data-aos-delay=\"0\" >\r\n      <div class=\"icon_content\">\r\n            <div class=\"icon\">\r\n         <span class=\"fa fa-plus-square\"><\/span>\r\n      <\/div>\r\n            <div class=\"txt_content\">\r\n                  <h3>\r\n            <a href=\"#\"  target=\"&quot;_blank&quot;\"  rel=\"&quot;nofollow&quot;\">\r\n            Vitamina B2            <\/a>\r\n         <\/h3>\r\n                        <\/div>\r\n   <\/div>\r\n   \r\n<\/div>\r\n\t\t<\/div>\n\t\t\t\t<\/div>\n\t\t\t\t<div class=\"elementor-element elementor-element-2ede704 elementor-widget elementor-widget-creote-iconbox-v1\" data-id=\"2ede704\" data-element_type=\"widget\" data-widget_type=\"creote-iconbox-v1.default\">\n\t\t\t\t<div class=\"elementor-widget-container\">\n\t\t\t<div class=\"icon_box_all  style_two\"   data-aos=\"fade-up\" data-aos-delay=\"0\" >\r\n      <div class=\"icon_content\">\r\n            <div class=\"icon\">\r\n         <span class=\"fa fa-plus-square\"><\/span>\r\n      <\/div>\r\n            <div class=\"txt_content\">\r\n                  <h3>\r\n            <a href=\"#\"  target=\"&quot;_blank&quot;\"  rel=\"&quot;nofollow&quot;\">\r\n            Vitamina B3            <\/a>\r\n         <\/h3>\r\n                        <\/div>\r\n   <\/div>\r\n   \r\n<\/div>\r\n\t\t<\/div>\n\t\t\t\t<\/div>\n\t\t\t\t<div class=\"elementor-element elementor-element-1511b77 elementor-widget elementor-widget-creote-iconbox-v1\" data-id=\"1511b77\" data-element_type=\"widget\" data-widget_type=\"creote-iconbox-v1.default\">\n\t\t\t\t<div class=\"elementor-widget-container\">\n\t\t\t<div class=\"icon_box_all  style_two\"   data-aos=\"fade-up\" data-aos-delay=\"0\" >\r\n      <div class=\"icon_content\">\r\n            <div class=\"icon\">\r\n         <span class=\"fa fa-plus-square\"><\/span>\r\n      <\/div>\r\n            <div class=\"txt_content\">\r\n                  <h3>\r\n            <a href=\"#\"  target=\"&quot;_blank&quot;\"  rel=\"&quot;nofollow&quot;\">\r\n            Magnesio            <\/a>\r\n         <\/h3>\r\n                        <\/div>\r\n   <\/div>\r\n   \r\n<\/div>\r\n\t\t<\/div>\n\t\t\t\t<\/div>\n\t\t\t\t<div class=\"elementor-element elementor-element-53179cd elementor-widget elementor-widget-creote-iconbox-v1\" data-id=\"53179cd\" data-element_type=\"widget\" data-widget_type=\"creote-iconbox-v1.default\">\n\t\t\t\t<div class=\"elementor-widget-container\">\n\t\t\t<div class=\"icon_box_all  style_two\"   data-aos=\"fade-up\" data-aos-delay=\"0\" >\r\n      <div class=\"icon_content\">\r\n            <div class=\"icon\">\r\n         <span class=\"fa fa-plus-square\"><\/span>\r\n      <\/div>\r\n            <div class=\"txt_content\">\r\n                  <h3>\r\n            <a href=\"#\"  target=\"&quot;_blank&quot;\"  rel=\"&quot;nofollow&quot;\">\r\n            Antioxidantes            <\/a>\r\n         <\/h3>\r\n                        <\/div>\r\n   <\/div>\r\n   \r\n<\/div>\r\n\t\t<\/div>\n\t\t\t\t<\/div>\n\t\t\t\t\t<\/div>\n\t\t<\/div>\n\t\t\t\t\t\t\t<\/div>\n\t\t<\/section>\n\t\t\t\t\t\t\t<\/div>","protected":false},"excerpt":{"rendered":"<p>HASS\/LORENA AVOCADO What is special about Hass avocado? When it comes to nutritional content, Hass avocados are higher in fat than other varieties, which gives them a richer taste and smoother. Pantothenic Acid (Vitamin B5) Magnesium Riboflavin (Vitamin B2) Vitamin K Passion Fruit Passion fruit is a nutritious tropical fruit that is gaining popularity, especially [&hellip;]<\/p>","protected":false},"author":1,"featured_media":0,"parent":0,"menu_order":0,"comment_status":"closed","ping_status":"closed","template":"template-fullwidth.php","meta":[],"_links":{"self":[{"href":"http:\/\/www.haciendaangel.com\/es\/wp-json\/wp\/v2\/pages\/6452"}],"collection":[{"href":"http:\/\/www.haciendaangel.com\/es\/wp-json\/wp\/v2\/pages"}],"about":[{"href":"http:\/\/www.haciendaangel.com\/es\/wp-json\/wp\/v2\/types\/page"}],"author":[{"embeddable":true,"href":"http:\/\/www.haciendaangel.com\/es\/wp-json\/wp\/v2\/users\/1"}],"replies":[{"embeddable":true,"href":"http:\/\/www.haciendaangel.com\/es\/wp-json\/wp\/v2\/comments?post=6452"}],"version-history":[{"count":17,"href":"http:\/\/www.haciendaangel.com\/es\/wp-json\/wp\/v2\/pages\/6452\/revisions"}],"predecessor-version":[{"id":6483,"href":"http:\/\/www.haciendaangel.com\/es\/wp-json\/wp\/v2\/pages\/6452\/revisions\/6483"}],"wp:attachment":[{"href":"http:\/\/www.haciendaangel.com\/es\/wp-json\/wp\/v2\/media?parent=6452"}],"curies":[{"name":"wp","href":"https:\/\/api.w.org\/{rel}","templated":true}]}}